{"id":155,"date":"2024-03-15T05:20:07","date_gmt":"2024-03-15T04:20:07","guid":{"rendered":"https:\/\/zgnetperu.com\/?page_id=155"},"modified":"2024-03-20T00:33:29","modified_gmt":"2024-03-19T23:33:29","slug":"soporte","status":"publish","type":"page","link":"https:\/\/zgnetperu.com\/?page_id=155","title":{"rendered":"SOPORTE"},"content":{"rendered":"<div id=\"themify_builder_content-155\" data-postid=\"155\" class=\"themify_builder_content themify_builder_content-155 themify_builder\">\n    \t<!-- module_row -->\n\t<div   class=\"themify_builder_row module_row clearfix fullwidth module_row_0 themify_builder_155_row module_row_155-0 tb_ly7h154\">\n\t    \t    <div class=\"row_inner col_align_top\" >\n\t\t\t<div  class=\"module_column tb-column col-full first tb_155_column module_column_0 module_column_155-0-0 tb_bq5m155\">\n\t    \t    \t        <div class=\"tb-column-inner\">\n\t\t        <!-- module image -->\n    <div  class=\"module module-image tb_xb2m481  image-top  \">\n\t                <div class=\"image-wrap\">\n                                        \n                        <\/div>\n            <!-- \/image-wrap -->\n        \n        \n        <\/div>\n    <!-- \/module image -->\n    <!-- module buttons -->\n    <div  class=\"module module-buttons tb_p4fs398 small solid circle   tb-align-center\">\n\t        \t<div class=\"module-buttons\">\n                            <div class=\"module-buttons-item  buttons-horizontal\">\n\t\t    \t\t\t<a href=\"https:\/\/api.whatsapp.com\/send?phone=51947328359&#038;text=quiero%20comunicarme%20con%20el%20ar%C3%A9a%20de%20soporte%20\" class=\"ui builder_button blue\" >\n\t\t    \t\t    \t\t\t<span>AQU\u00ed<\/span>\n\t\t    \t\t    \t\t\t<\/a>\n\t\t                    <\/div>\n                    <\/div>\n    <\/div>\n    <!-- \/module buttons -->\n\t        <\/div>\n\t    \t<\/div>\n\t\t    <\/div>\n\t    <!-- \/row_inner -->\n\t<\/div>\n\t<!-- \/module_row -->\n\t\t<!-- module_row -->\n\t<div   class=\"themify_builder_row module_row clearfix module_row_1 themify_builder_155_row module_row_155-1 tb_8s6f719\">\n\t    \t    <div class=\"row_inner col_align_top\" >\n\t\t\t<div  class=\"module_column tb-column col2-1 first tb_155_column module_column_0 module_column_155-1-0 tb_mbkp719\">\n\t    \t    \t        <div class=\"tb-column-inner\">\n\t\t        <!-- module image -->\n    <div  class=\"module module-image tb_gai8263  image-top  \">\n\t                <div class=\"image-wrap\">\n                            <img loading=\"lazy\" decoding=\"async\" width=\"1080\" height=\"1080\" src=\"https:\/\/zgnetperu.com\/wp-content\/uploads\/2024\/03\/552.jpg\" class=\" wp-post-image wp-image-177\" title=\"552\" alt=\"552\" srcset=\"https:\/\/zgnetperu.com\/wp-content\/uploads\/2024\/03\/552.jpg 1080w, https:\/\/zgnetperu.com\/wp-content\/uploads\/2024\/03\/552-300x300.jpg 300w, https:\/\/zgnetperu.com\/wp-content\/uploads\/2024\/03\/552-1024x1024.jpg 1024w, https:\/\/zgnetperu.com\/wp-content\/uploads\/2024\/03\/552-150x150.jpg 150w, https:\/\/zgnetperu.com\/wp-content\/uploads\/2024\/03\/552-768x768.jpg 768w\" sizes=\"auto, (max-width: 1080px) 100vw, 1080px\" \/>            \n                        <\/div>\n            <!-- \/image-wrap -->\n        \n        \n        <\/div>\n    <!-- \/module image -->\n    <!-- module buttons -->\n    <div  class=\"module module-buttons tb_h2ir200 small solid circle   tb-align-center\">\n\t        \t<div class=\"module-buttons\">\n                            <div class=\"module-buttons-item  buttons-horizontal\">\n\t\t    \t\t\t<a href=\"https:\/\/api.whatsapp.com\/send?phone=51926608815&#038;text=quiero%20comunicarme%20con%20el%20ar%C3%A9a%20de%20reclamos%20\" class=\"ui builder_button blue\" >\n\t\t    \t\t    \t\t\t<span>AQU\u00ed<\/span>\n\t\t    \t\t    \t\t\t<\/a>\n\t\t                    <\/div>\n                    <\/div>\n    <\/div>\n    <!-- \/module buttons -->\n\t        <\/div>\n\t    \t<\/div>\n\t\t<div  class=\"module_column tb-column col2-1 last tb_155_column module_column_1 module_column_155-1-1 tb_wvg8719\">\n\t    \t    \t        <div class=\"tb-column-inner\">\n\t\t        <!-- module image -->\n    <div  class=\"module module-image tb_i90l335  image-top  \">\n\t                <div class=\"image-wrap\">\n                                        \n                        <\/div>\n            <!-- \/image-wrap -->\n        \n        \n        <\/div>\n    <!-- \/module image -->\n    <!-- module image -->\n    <div  class=\"module module-image tb_d56922  image-top  \">\n\t                <div class=\"image-wrap\">\n                            <img loading=\"lazy\" decoding=\"async\" width=\"1080\" height=\"1080\" src=\"https:\/\/zgnetperu.com\/wp-content\/uploads\/2024\/03\/vvv.jpg\" class=\" wp-post-image wp-image-178\" title=\"vvv\" alt=\"vvv\" srcset=\"https:\/\/zgnetperu.com\/wp-content\/uploads\/2024\/03\/vvv.jpg 1080w, https:\/\/zgnetperu.com\/wp-content\/uploads\/2024\/03\/vvv-300x300.jpg 300w, https:\/\/zgnetperu.com\/wp-content\/uploads\/2024\/03\/vvv-1024x1024.jpg 1024w, https:\/\/zgnetperu.com\/wp-content\/uploads\/2024\/03\/vvv-150x150.jpg 150w, https:\/\/zgnetperu.com\/wp-content\/uploads\/2024\/03\/vvv-768x768.jpg 768w\" sizes=\"auto, (max-width: 1080px) 100vw, 1080px\" \/>            \n                        <\/div>\n            <!-- \/image-wrap -->\n        \n        \n        <\/div>\n    <!-- \/module image -->\n    <!-- module buttons -->\n    <div  class=\"module module-buttons tb_bm20558 small solid circle   tb-align-center\">\n\t        \t<div class=\"module-buttons\">\n                            <div class=\"module-buttons-item  buttons-horizontal\">\n\t\t    \t\t\t<a href=\"https:\/\/drive.google.com\/drive\/folders\/1_J5n3kNenogciTmI-Y8z9vk7qJyJbsLn?usp=sharing\" class=\"ui builder_button blue\" >\n\t\t    \t\t    \t\t\t<span>AQU\u00ed<\/span>\n\t\t    \t\t    \t\t\t<\/a>\n\t\t                    <\/div>\n                    <\/div>\n    <\/div>\n    <!-- \/module buttons -->\n\t        <\/div>\n\t    \t<\/div>\n\t\t    <\/div>\n\t    <!-- \/row_inner -->\n\t<\/div>\n\t<!-- \/module_row -->\n\t<\/div>\n\n","protected":false},"excerpt":{"rendered":"<p>AQU\u00ed AQU\u00ed AQU\u00ed<\/p>\n","protected":false},"author":1,"featured_media":0,"parent":0,"menu_order":0,"comment_status":"closed","ping_status":"closed","template":"","meta":{"_joinchat":[],"footnotes":""},"class_list":["post-155","page","type-page","status-publish","hentry","has-post-title","has-post-date","has-post-category","has-post-tag","has-post-comment","has-post-author",""],"builder_content":"\n<a href=\"https:\/\/api.whatsapp.com\/send?phone=51947328359&#038;text=quiero%20comunicarme%20con%20el%20ar%C3%A9a%20de%20soporte%20\" > AQU\u00ed <\/a>\n<img loading=\"lazy\" decoding=\"async\" width=\"1080\" height=\"1080\" src=\"https:\/\/zgnetperu.com\/wp-content\/uploads\/2024\/03\/552.jpg\" title=\"552\" alt=\"552\" srcset=\"https:\/\/zgnetperu.com\/wp-content\/uploads\/2024\/03\/552.jpg 1080w, https:\/\/zgnetperu.com\/wp-content\/uploads\/2024\/03\/552-300x300.jpg 300w, https:\/\/zgnetperu.com\/wp-content\/uploads\/2024\/03\/552-1024x1024.jpg 1024w, https:\/\/zgnetperu.com\/wp-content\/uploads\/2024\/03\/552-150x150.jpg 150w, https:\/\/zgnetperu.com\/wp-content\/uploads\/2024\/03\/552-768x768.jpg 768w\" sizes=\"auto, (max-width: 1080px) 100vw, 1080px\" \/>\n<a href=\"https:\/\/api.whatsapp.com\/send?phone=51926608815&#038;text=quiero%20comunicarme%20con%20el%20ar%C3%A9a%20de%20reclamos%20\" > AQU\u00ed <\/a>\n\n<img loading=\"lazy\" decoding=\"async\" width=\"1080\" height=\"1080\" src=\"https:\/\/zgnetperu.com\/wp-content\/uploads\/2024\/03\/vvv.jpg\" title=\"vvv\" alt=\"vvv\" srcset=\"https:\/\/zgnetperu.com\/wp-content\/uploads\/2024\/03\/vvv.jpg 1080w, https:\/\/zgnetperu.com\/wp-content\/uploads\/2024\/03\/vvv-300x300.jpg 300w, https:\/\/zgnetperu.com\/wp-content\/uploads\/2024\/03\/vvv-1024x1024.jpg 1024w, https:\/\/zgnetperu.com\/wp-content\/uploads\/2024\/03\/vvv-150x150.jpg 150w, https:\/\/zgnetperu.com\/wp-content\/uploads\/2024\/03\/vvv-768x768.jpg 768w\" sizes=\"auto, (max-width: 1080px) 100vw, 1080px\" \/>\n<a href=\"https:\/\/drive.google.com\/drive\/folders\/1_J5n3kNenogciTmI-Y8z9vk7qJyJbsLn?usp=sharing\" > AQU\u00ed <\/a>","_links":{"self":[{"href":"https:\/\/zgnetperu.com\/index.php?rest_route=\/wp\/v2\/pages\/155","targetHints":{"allow":["GET"]}}],"collection":[{"href":"https:\/\/zgnetperu.com\/index.php?rest_route=\/wp\/v2\/pages"}],"about":[{"href":"https:\/\/zgnetperu.com\/index.php?rest_route=\/wp\/v2\/types\/page"}],"author":[{"embeddable":true,"href":"https:\/\/zgnetperu.com\/index.php?rest_route=\/wp\/v2\/users\/1"}],"replies":[{"embeddable":true,"href":"https:\/\/zgnetperu.com\/index.php?rest_route=%2Fwp%2Fv2%2Fcomments&post=155"}],"version-history":[{"count":9,"href":"https:\/\/zgnetperu.com\/index.php?rest_route=\/wp\/v2\/pages\/155\/revisions"}],"predecessor-version":[{"id":209,"href":"https:\/\/zgnetperu.com\/index.php?rest_route=\/wp\/v2\/pages\/155\/revisions\/209"}],"wp:attachment":[{"href":"https:\/\/zgnetperu.com\/index.php?rest_route=%2Fwp%2Fv2%2Fmedia&parent=155"}],"curies":[{"name":"wp","href":"https:\/\/api.w.org\/{rel}","templated":true}]}}